{"id":10893,"date":"2025-02-07T10:20:08","date_gmt":"2025-02-07T10:20:08","guid":{"rendered":"https:\/\/lofimusic.com.es\/index.php\/producto\/b0dsw7ddr4_es\/"},"modified":"2025-02-07T10:20:08","modified_gmt":"2025-02-07T10:20:08","slug":"b0dsw7ddr4_es","status":"publish","type":"product","link":"https:\/\/lofimusic.com.es\/index.php\/producto\/b0dsw7ddr4_es\/","title":{"rendered":"B0DSW7DDR4_ES"},"content":{"rendered":"<p>&#8211; Calidad de sonido HD : adopta un chip DSP para reducir los ruidos y ofrecerte una mejor experiencia<br \/>\n&#8211; Bater\u00eda de larga duraci\u00f3n : hasta 45 horas de uso con una carga de 2 horas<br \/>\n&#8211; Uso binaural : se puede usar tanto en el o\u00eddo izquierdo como en el derecho, sin necesidad de distinguir entre izquierda y derecha<br \/>\n&#8211; Botones de modo : botones destacados para facilitar el manejo, se pueden ajustar seis niveles de volumen<br \/>\n&#8211; C\u00f3modo de llevar : el peso corporal de 6 gramos, desgaste durante todo el d\u00eda no causar\u00e1 molestias<\/p>\n","protected":false},"excerpt":{"rendered":"<p>Publicidad Britzgo Sencillo y f\u00e1cil de manejar Ajuste de 6 velocidades Calidad de sonido HD (par) (azul)<\/p>\n","protected":false},"featured_media":10892,"comment_status":"open","ping_status":"closed","template":"","meta":[],"product_cat":[15],"product_tag":[],"class_list":{"0":"post-10893","1":"product","2":"type-product","3":"status-publish","4":"has-post-thumbnail","6":"product_cat-sin-categorizar","7":"nodate","8":"item-wrap","10":"first","11":"instock","12":"shipping-taxable","13":"product-type-external"},"_links":{"self":[{"href":"https:\/\/lofimusic.com.es\/index.php\/wp-json\/wp\/v2\/product\/10893","targetHints":{"allow":["GET"]}}],"collection":[{"href":"https:\/\/lofimusic.com.es\/index.php\/wp-json\/wp\/v2\/product"}],"about":[{"href":"https:\/\/lofimusic.com.es\/index.php\/wp-json\/wp\/v2\/types\/product"}],"replies":[{"embeddable":true,"href":"https:\/\/lofimusic.com.es\/index.php\/wp-json\/wp\/v2\/comments?post=10893"}],"wp:featuredmedia":[{"embeddable":true,"href":"https:\/\/lofimusic.com.es\/index.php\/wp-json\/wp\/v2\/media\/10892"}],"wp:attachment":[{"href":"https:\/\/lofimusic.com.es\/index.php\/wp-json\/wp\/v2\/media?parent=10893"}],"wp:term":[{"taxonomy":"product_cat","embeddable":true,"href":"https:\/\/lofimusic.com.es\/index.php\/wp-json\/wp\/v2\/product_cat?post=10893"},{"taxonomy":"product_tag","embeddable":true,"href":"https:\/\/lofimusic.com.es\/index.php\/wp-json\/wp\/v2\/product_tag?post=10893"}],"curies":[{"name":"wp","href":"https:\/\/api.w.org\/{rel}","templated":true}]}}