{"id":10891,"date":"2025-02-07T10:19:04","date_gmt":"2025-02-07T10:19:04","guid":{"rendered":"https:\/\/lofimusic.com.es\/index.php\/producto\/b0c4gfq7mw_es-4\/"},"modified":"2025-02-07T10:19:04","modified_gmt":"2025-02-07T10:19:04","slug":"b0c4gfq7mw_es-4","status":"publish","type":"product","link":"https:\/\/lofimusic.com.es\/index.php\/producto\/b0c4gfq7mw_es-4\/","title":{"rendered":"B0C4GFQ7MW_ES"},"content":{"rendered":"<p>&#8211; [Adaptador Inal\u00e1mbrico Android Auto] Android Auto inal\u00e1mbrico es un gran asistente durante la conducci\u00f3n, es f\u00e1cil convertir su Android Auto con cable a inal\u00e1mbrico con un adaptador inal\u00e1mbrico Android Auto. Android Auto inal\u00e1mbrico elimina la necesidad de una conexi\u00f3n f\u00edsica entre el smartphone y el sistema de infoentretenimiento del coche, lo que permite una experiencia de usuario fluida y sin complicaciones.<br \/>\n&#8211; [Integraci\u00f3n Perfecta con Sistemas del Coche] Android Auto se conecta al sistema de infoentretenimiento de un coche, lo que le permite controlar funciones como la pantalla t\u00e1ctil, el control del volante y el mando giratorio, etc. \u00a1Usted todav\u00eda puede disfrutar de la funci\u00f3n completa de Android Auto con Android Auto Dongle! El adaptador de Android Auto le permite controlar su smartphone mediante comandos de voz, garantizando que sus manos permanezcan en el volante y su atenci\u00f3n en la carretera.<br \/>\n&#8211; [Conducci\u00f3n Inteligente con Android Auto Inal\u00e1mbrico] La compatibilidad inal\u00e1mbrica con Android Auto proporciona navegaci\u00f3n giro a giro, actualizaciones de tr\u00e1fico en tiempo real y rutas alternativas, lo que te facilita llegar a tus destinos de forma eficiente. Android Auto se integra con servicios de streaming de m\u00fasica populares como Spotify y Google Play Music, lo que te permite reproducir tus canciones favoritas a trav\u00e9s de los altavoces del coche.<br \/>\n&#8211; [R\u00e1pido y Estable Android Auto Dongle Inal\u00e1mbrico] El Android Auto Box proporciona Bluetooth y 5Ghz WIFI, Android Auto inal\u00e1mbrico tiene capacidades anti-interferencia m\u00e1s fuertes, por lo que la conexi\u00f3n es estable incluso cuando usted tiene su tel\u00e9fono en el bolsillo. Adem\u00e1s, Android Auto es compatible con funciones como el modo de no molestar y consejos de conducci\u00f3n para ayudarle a mantenerse seguro en la carretera.<br \/>\n&#8211; [Flexibilidad Mejorada] Android Auto inal\u00e1mbrico le permite cambiar f\u00e1cilmente entre diferentes tel\u00e9fonos inteligentes o dispositivos, proporcionando una mayor flexibilidad y comodidad para m\u00faltiples conductores. Android Auto Adapter proporciona actualizaciones OTA y admite actualizaciones peri\u00f3dicas de Google, lo que garantiza que puedas acceder a las \u00faltimas funciones y mejoras.<br \/>\n&#8211; [Coche Compatible y Modelo de Tel\u00e9fono] Wireless Android Auto es adecuado para Android 11 y m\u00e1s tarde los tel\u00e9fonos inteligentes que soportan Android Auto como Oneplus, tel\u00e9fonos de Google, y m\u00e1s. El dongle inal\u00e1mbrico Android Auto es compatible con m\u00e1s de 600 modelos de autom\u00f3viles. Este inal\u00e1mbrico Android Auto s\u00f3lo es compatible con los coches equipados con Android Auto, no es compatible con el sistema CarPlay y el iPhone.<\/p>\n","protected":false},"excerpt":{"rendered":"<p>Publicidad FEINODI Adaptador Android Auto Inal\u00e1mbrico, Dongle Android Auto para Original de Coche con Interfaz Android Auto, Compatible con Autos producidos 2016-2024<\/p>\n","protected":false},"featured_media":10890,"comment_status":"open","ping_status":"closed","template":"","meta":[],"product_cat":[15],"product_tag":[],"class_list":{"0":"post-10891","1":"product","2":"type-product","3":"status-publish","4":"has-post-thumbnail","6":"product_cat-sin-categorizar","7":"nodate","8":"item-wrap","10":"first","11":"instock","12":"shipping-taxable","13":"product-type-external"},"_links":{"self":[{"href":"https:\/\/lofimusic.com.es\/index.php\/wp-json\/wp\/v2\/product\/10891","targetHints":{"allow":["GET"]}}],"collection":[{"href":"https:\/\/lofimusic.com.es\/index.php\/wp-json\/wp\/v2\/product"}],"about":[{"href":"https:\/\/lofimusic.com.es\/index.php\/wp-json\/wp\/v2\/types\/product"}],"replies":[{"embeddable":true,"href":"https:\/\/lofimusic.com.es\/index.php\/wp-json\/wp\/v2\/comments?post=10891"}],"wp:featuredmedia":[{"embeddable":true,"href":"https:\/\/lofimusic.com.es\/index.php\/wp-json\/wp\/v2\/media\/10890"}],"wp:attachment":[{"href":"https:\/\/lofimusic.com.es\/index.php\/wp-json\/wp\/v2\/media?parent=10891"}],"wp:term":[{"taxonomy":"product_cat","embeddable":true,"href":"https:\/\/lofimusic.com.es\/index.php\/wp-json\/wp\/v2\/product_cat?post=10891"},{"taxonomy":"product_tag","embeddable":true,"href":"https:\/\/lofimusic.com.es\/index.php\/wp-json\/wp\/v2\/product_tag?post=10891"}],"curies":[{"name":"wp","href":"https:\/\/api.w.org\/{rel}","templated":true}]}}