{"id":10889,"date":"2025-02-07T09:29:23","date_gmt":"2025-02-07T09:29:23","guid":{"rendered":"https:\/\/lofimusic.com.es\/index.php\/producto\/b0dspcyldk_fr-2\/"},"modified":"2025-02-07T09:29:23","modified_gmt":"2025-02-07T09:29:23","slug":"b0dspcyldk_fr-2","status":"publish","type":"product","link":"https:\/\/lofimusic.com.es\/index.php\/producto\/b0dspcyldk_fr-2\/","title":{"rendered":"B0DSPCYLDK_FR"},"content":{"rendered":"<p>&#8211; \u3010Puissance d&#8217;aspiration puissante\u3011L&#8217;aspirateur sans fil S6PRO est \u00e9quip\u00e9 d&#8217;un moteur 2025 haute performance qui offre une puissance d&#8217;aspiration maximale de 30 KPa. Gr\u00e2ce \u00e0 cette puissance d&#8217;aspiration impressionnante, vous pouvez facilement attraper la poussi\u00e8re, les miettes, les \u00e9clats, les poils d&#8217;animaux et autres d\u00e9bris.\uff08Il n&#8217;est pas recommand\u00e9 de l&#8217;utiliser sur les tapis.\uff09<br \/>\n&#8211; \u3010Polyvalent 4 en 1\u3011Le S6PRO avec poign\u00e9e ergonomique et accessoires multifonctions. Il transforme facilement un aspirateur \u00e0 main portable qui permet de nettoyer les escaliers, les canap\u00e9s, les lits, les tables et les voitures.<br \/>\n&#8211; \u3010Syst\u00e8me de filtration \u00e0 4 niveaux tr\u00e8s efficace\u3011Le S6PRO dispose d&#8217;un syst\u00e8me de filtration cyclonique scell\u00e9 qui nettoie jusqu&#8217;\u00e0 99,97 % des particules de poussi\u00e8re microscopiques. Aussi petit que 0,3 micron, vous offre un environnement de vie id\u00e9al et \u00e9limine la pollution secondaire de l&#8217;air. Le filtre peut \u00eatre r\u00e9utilis\u00e9 apr\u00e8s le nettoyage.<br \/>\n&#8211; \u3010Batterie lithium-ion longue dur\u00e9e \u3011L&#8217;aspirateur S6PRO dispose d&#8217;une batterie au lithium rechargeable \u00e0 6 cellules de 2000 mAh. Il offre jusqu&#8217;\u00e0 30 minutes d&#8217;autonomie continue pour le nettoyage quotidien de la maison avec une seule charge de batterie.<br \/>\n&#8211; \u3010Grand bac \u00e0 poussi\u00e8re de 900 ML\u3011Avec un bac \u00e0 poussi\u00e8re de 900 ml, vous pouvez nettoyer plus longtemps avec moins d&#8217;interruptions. Gr\u00e2ce \u00e0 la fonction de vidange pratique en un clic, vous pouvez vous d\u00e9barrasser des r\u00e9sidus sans effort en appuyant simplement sur le bouton de lib\u00e9ration et ne vous salissez pas les mains<\/p>\n","protected":false},"excerpt":{"rendered":"<p>publicit\u00e9VersLife Aspirateur Balai sans Fil S6PRO, Aspirateur sans Fil Puissant 30Kpa avec 30 Min d&#8217;Autonomie, 4 en 1 Aspirateur Balai sans Sac pour Les Poils d\u2019Animaux, Tapis, Sols, Nouveau mod\u00e8le 2025<\/p>\n","protected":false},"featured_media":10888,"comment_status":"open","ping_status":"closed","template":"","meta":[],"product_cat":[15],"product_tag":[],"class_list":{"0":"post-10889","1":"product","2":"type-product","3":"status-publish","4":"has-post-thumbnail","6":"product_cat-sin-categorizar","7":"nodate","8":"item-wrap","10":"first","11":"instock","12":"shipping-taxable","13":"product-type-external"},"_links":{"self":[{"href":"https:\/\/lofimusic.com.es\/index.php\/wp-json\/wp\/v2\/product\/10889","targetHints":{"allow":["GET"]}}],"collection":[{"href":"https:\/\/lofimusic.com.es\/index.php\/wp-json\/wp\/v2\/product"}],"about":[{"href":"https:\/\/lofimusic.com.es\/index.php\/wp-json\/wp\/v2\/types\/product"}],"replies":[{"embeddable":true,"href":"https:\/\/lofimusic.com.es\/index.php\/wp-json\/wp\/v2\/comments?post=10889"}],"wp:featuredmedia":[{"embeddable":true,"href":"https:\/\/lofimusic.com.es\/index.php\/wp-json\/wp\/v2\/media\/10888"}],"wp:attachment":[{"href":"https:\/\/lofimusic.com.es\/index.php\/wp-json\/wp\/v2\/media?parent=10889"}],"wp:term":[{"taxonomy":"product_cat","embeddable":true,"href":"https:\/\/lofimusic.com.es\/index.php\/wp-json\/wp\/v2\/product_cat?post=10889"},{"taxonomy":"product_tag","embeddable":true,"href":"https:\/\/lofimusic.com.es\/index.php\/wp-json\/wp\/v2\/product_tag?post=10889"}],"curies":[{"name":"wp","href":"https:\/\/api.w.org\/{rel}","templated":true}]}}