{"id":10887,"date":"2025-02-07T07:43:27","date_gmt":"2025-02-07T07:43:27","guid":{"rendered":"https:\/\/lofimusic.com.es\/index.php\/producto\/b0dlb9tk38_es\/"},"modified":"2025-02-07T07:43:27","modified_gmt":"2025-02-07T07:43:27","slug":"b0dlb9tk38_es","status":"publish","type":"product","link":"https:\/\/lofimusic.com.es\/index.php\/producto\/b0dlb9tk38_es\/","title":{"rendered":"B0DLB9TK38_ES"},"content":{"rendered":"<p>&#8211; Instrumento mejorado para hongos en las u\u00f1as: El instrumento para hongos en las u\u00f1as de los pies est\u00e1 equipado con un potente l\u00e1ser de 1064nm y 6*470nm y 6*650nm, la luz roja de 650nm promueve la circulaci\u00f3n sangu\u00ednea y repara el \u00e1rea da\u00f1ada, la luz azul de 470nm elimina las bacterias, y el l\u00e1ser invisible de 1064nm puede penetrar profundamente en la capa de la u\u00f1a directamente, lo que maximiza las posibilidades de erradicar con \u00e9xito los hongos y las bacterias.<br \/>\n&#8211; \u00c1mbito de aplicaci\u00f3n: El Medidor de Hongos en las U\u00f1as de los Pies es adecuado para da\u00f1os en las u\u00f1as, engrosamiento, amarillamiento, oscurecimiento, decoloraci\u00f3n y otras anomal\u00edas de las u\u00f1as. El l\u00e1ser para hongos en las u\u00f1as promueve el crecimiento de las u\u00f1as y mejora los hongos, las grietas, la aspereza, la decoloraci\u00f3n de las u\u00f1as, la separaci\u00f3n de las u\u00f1as y otros problemas de las u\u00f1as<br \/>\n&#8211; Modo de empleo: pulsar prolongadamente el bot\u00f3n de encendido, la luz roja funciona, en la pantalla aparece temporizado durante 7 minutos. Cada vez que presione el bot\u00f3n, cambie los tres modos de terapia de luz de luz roja, luz azul y luz rosa a su vez, haga doble clic en el bot\u00f3n para cambiar la funci\u00f3n de temporizaci\u00f3n (7\/10\/15 minutos), se apagar\u00e1 autom\u00e1ticamente despu\u00e9s de ajustar la temporizaci\u00f3n.<br \/>\n&#8211; PORT\u00c1TIL: Con el limpiador de u\u00f1as, puede tratar las infecciones de las u\u00f1as en casa. No es necesario pedir cita ni visitar al m\u00e9dico, lo que le ahorrar\u00e1 mucho dinero y tiempo. Se adapta a dedos de manos y pies de diferentes tama\u00f1os, aportando comodidad a su vida.<br \/>\n&#8211; BATER\u00cdA DE EXTRA LARGA DURACI\u00d3N Y DISE\u00d1O PORT\u00c1TIL: El medidor de hongos en las u\u00f1as de los pies tiene una bater\u00eda de 500mAh que se puede utilizar durante mucho tiempo.La carga de tipo C proporciona una carga sin complicaciones y garantiza que siempre est\u00e9 listo para su uso. Equipado con un dise\u00f1o de cord\u00f3n en el interior, es ligero y f\u00e1cil de llevar.<\/p>\n","protected":false},"excerpt":{"rendered":"<p>Publicidad Dispositivo de tratamiento l\u00e1ser de hongos en las u\u00f1as,dispositivo de tratamiento de hongos en las u\u00f1as,terapia l\u00e1ser de luz roja azul y fr\u00eda l\u00e1ser para hongos en las u\u00f1as de manos y pies<\/p>\n","protected":false},"featured_media":10886,"comment_status":"open","ping_status":"closed","template":"","meta":[],"product_cat":[15],"product_tag":[],"class_list":{"0":"post-10887","1":"product","2":"type-product","3":"status-publish","4":"has-post-thumbnail","6":"product_cat-sin-categorizar","7":"nodate","8":"item-wrap","10":"first","11":"instock","12":"shipping-taxable","13":"product-type-external"},"_links":{"self":[{"href":"https:\/\/lofimusic.com.es\/index.php\/wp-json\/wp\/v2\/product\/10887","targetHints":{"allow":["GET"]}}],"collection":[{"href":"https:\/\/lofimusic.com.es\/index.php\/wp-json\/wp\/v2\/product"}],"about":[{"href":"https:\/\/lofimusic.com.es\/index.php\/wp-json\/wp\/v2\/types\/product"}],"replies":[{"embeddable":true,"href":"https:\/\/lofimusic.com.es\/index.php\/wp-json\/wp\/v2\/comments?post=10887"}],"wp:featuredmedia":[{"embeddable":true,"href":"https:\/\/lofimusic.com.es\/index.php\/wp-json\/wp\/v2\/media\/10886"}],"wp:attachment":[{"href":"https:\/\/lofimusic.com.es\/index.php\/wp-json\/wp\/v2\/media?parent=10887"}],"wp:term":[{"taxonomy":"product_cat","embeddable":true,"href":"https:\/\/lofimusic.com.es\/index.php\/wp-json\/wp\/v2\/product_cat?post=10887"},{"taxonomy":"product_tag","embeddable":true,"href":"https:\/\/lofimusic.com.es\/index.php\/wp-json\/wp\/v2\/product_tag?post=10887"}],"curies":[{"name":"wp","href":"https:\/\/api.w.org\/{rel}","templated":true}]}}