{"id":10885,"date":"2025-02-07T06:53:45","date_gmt":"2025-02-07T06:53:45","guid":{"rendered":"https:\/\/lofimusic.com.es\/index.php\/producto\/b0ckyl52sx_it\/"},"modified":"2025-02-07T06:53:45","modified_gmt":"2025-02-07T06:53:45","slug":"b0ckyl52sx_it","status":"publish","type":"product","link":"https:\/\/lofimusic.com.es\/index.php\/producto\/b0ckyl52sx_it\/","title":{"rendered":"B0CKYL52SX_IT"},"content":{"rendered":"<p>&#8211; Ampiamente Usato Tappetino Per Caffettiera:il super assorbente tappetini lavello cucina misura 30 x 40 cm,pu\u00f2 essere tagliato liberamente a una dimensione adeguata secondo necessit\u00e0.gocciolatoio per lavello Non \u00e8 solo un tappetino per macchina da caff\u00e8,pu\u00f2 essere ampiamente utilizzato come tappetino per asciugare i piatti e tazze,tappetino scolapiatti,super assorbente tappetini lavello cucina,tappetino per alimenti per animali domestici,scolapiatti da lavello,ecc.<br \/>\n&#8211; Proteggi le Stoviglie: la parte posteriore del tappeto scolapiatti \u00e8 progettata con un retro in gomma antiscivolo per evitare che il tappetino scivoli via. Il design ammortizzante impedisce che le stoviglie come ciotole, bicchieri, ecc. Il fondo impermeabile protegge bene anche i tuoi controsoffitti impedendo all&#8217;acqua di filtrare sotto e lasciare macchie sui controsoffitti.<br \/>\n&#8211; Super Assorbente: il tappetino per macchina da caff\u00e8 \u00e8 realizzato in Fatto di schiuma di diatomite sicura con super assorbenza d&#8217;acqua e capacit\u00e0 di asciugatura rapida.che cattura rapidamente gli schizzi di caff\u00e8 e impedisce la diffusione delle fuoriuscite,Aiuta le tue posate ad asciugarsi pi\u00f9 velocemente,Mantieni sempre pulito e ordinato il piano di lavoro,eliminando la fatica di pulire frequentemente il piano di lavoro.<br \/>\n&#8211; Tappetino Scolapiatti da Lavello Durevole: Perfetto tappetino assorbente lavello cucina&#8211;Posizionare il tappetini per posate accanto al lavandino per raccogliere le gocce da sotto lo scolapiatti o posizionare utensili, bicchieri, pentole, padelle e altro direttamente sul tappetino per mantenere i piani di lavoro puliti e in ordine.Il nostro tappetino lavello cucina non si sbiadir\u00e0, non si deformer\u00e0 la pillola o non emana cattivo odore dopo un uso prolungato rispetto al tampone in tessuto.<br \/>\n&#8211; Facile da Pulire e ad Asciugatura Rapida:Perfetto tappetino scolapiatti assorbente.Se c&#8217;\u00e8 una macchia, puliscila semplicemente con una spugna\/un panno umido.Per una macchia pi\u00f9 profonda, risciacquare la macchia o mettere in lavastoviglie per rinfrescarne la funzionalit\u00e0.Il gocciolatoio per lavello pu\u00f2 essere ripiegato per riporlo e trasportarlo facilmente. Il tappetino scolapiatti tappetini cucina lavello \u00e8 un buon aiuto per la tua cucina.<\/p>\n","protected":false},"excerpt":{"rendered":"<p>pubblicit\u00e0YQBFTC Tappetino Scolapiatti Assorbente,40\u00d730 cm Tappetino Super Assorbente Cucina,Tappetino Scolapiatti da Lavello Asciugatura Rapida Cucina,Tappetino Macchina Caffe Antiscivolo per Cucina Nero<\/p>\n","protected":false},"featured_media":10884,"comment_status":"open","ping_status":"closed","template":"","meta":[],"product_cat":[15],"product_tag":[],"class_list":{"0":"post-10885","1":"product","2":"type-product","3":"status-publish","4":"has-post-thumbnail","6":"product_cat-sin-categorizar","7":"nodate","8":"item-wrap","10":"first","11":"instock","12":"shipping-taxable","13":"product-type-external"},"_links":{"self":[{"href":"https:\/\/lofimusic.com.es\/index.php\/wp-json\/wp\/v2\/product\/10885","targetHints":{"allow":["GET"]}}],"collection":[{"href":"https:\/\/lofimusic.com.es\/index.php\/wp-json\/wp\/v2\/product"}],"about":[{"href":"https:\/\/lofimusic.com.es\/index.php\/wp-json\/wp\/v2\/types\/product"}],"replies":[{"embeddable":true,"href":"https:\/\/lofimusic.com.es\/index.php\/wp-json\/wp\/v2\/comments?post=10885"}],"wp:featuredmedia":[{"embeddable":true,"href":"https:\/\/lofimusic.com.es\/index.php\/wp-json\/wp\/v2\/media\/10884"}],"wp:attachment":[{"href":"https:\/\/lofimusic.com.es\/index.php\/wp-json\/wp\/v2\/media?parent=10885"}],"wp:term":[{"taxonomy":"product_cat","embeddable":true,"href":"https:\/\/lofimusic.com.es\/index.php\/wp-json\/wp\/v2\/product_cat?post=10885"},{"taxonomy":"product_tag","embeddable":true,"href":"https:\/\/lofimusic.com.es\/index.php\/wp-json\/wp\/v2\/product_tag?post=10885"}],"curies":[{"name":"wp","href":"https:\/\/api.w.org\/{rel}","templated":true}]}}