{"id":1079,"date":"2024-09-14T05:04:05","date_gmt":"2024-09-14T05:04:05","guid":{"rendered":"https:\/\/lofimusic.com.es\/index.php\/producto\/b0c7bzljwm_de\/"},"modified":"2024-09-14T05:04:05","modified_gmt":"2024-09-14T05:04:05","slug":"b0c7bzljwm_de","status":"publish","type":"product","link":"https:\/\/lofimusic.com.es\/index.php\/producto\/b0c7bzljwm_de\/","title":{"rendered":"B0C7BZLJWM_DE"},"content":{"rendered":"<p>&#8211; Entwickelt f\u00fcr Ihre Ohren &#8211; Wedoking Mini-Schlaf-Ohrh\u00f6rer sitzen perfekt in den Ohren dank der weichen Silikon-Ohrst\u00f6psel und -Ohrkappen in 3 Gr\u00f6\u00dfen, die so konzipiert sind, dass sie auf der Ohrmuschel aufliegen und so f\u00fcr einen bequemen Sitz sorgen, w\u00e4hrend sie gleichzeitig eine perfekte Abdichtung zur Ger\u00e4uschisolierung und bequemen Sitz bieten.<br \/>\n&#8211; Unsichtbarer Bluetooth-Ohrh\u00f6rer &#8211; Unsere kleinsten und leichtesten kabellosen kopfh\u00f6rer sind versteckt ausgestattet und machen es leicht, wirklich drahtlos zu werden, mit komfortablen und superleichten Funktionen und zu einem Preis, der so klein ist wie die Kopfh\u00f6rer selbst.<br \/>\n&#8211; Kein Alarm kein Blinken &#8211; Ohne Touch-Steuerung und Warnung bei niedrigem Batteriestand sind die Bluetooth Kopfh\u00f6rer f\u00fcr alle Schlafpositionen und ungest\u00f6rten Schlaf geeignet. Jeder Ohrh\u00f6rer kann nach Belieben verwendet werden. Nachdem Sie diese In-Ear-Kopfh\u00f6rer aufgesetzt haben, h\u00f6rt das Licht auf zu blinken und ist perfekt, um sie bei der Arbeit im Ohr zu verstecken.<br \/>\n&#8211; Effektive Ger\u00e4usch Blockierung &#8211; Die weichen Ohrh\u00f6rer sind ergonomisch gestaltet und gut f\u00fcr den t\u00e4glichen Gebrauch geeignet. Sie bilden eine sanfte Dichtung und blockieren Au\u00dfenger\u00e4usche bis zu 24 dB effektiv. Die kabellosen Bluetooth-Ohrh\u00f6rer dichten so gut in Ihren Ohren ab, dass sie Au\u00dfenger\u00e4usche sehr effektiv blockieren. Hinweis: Keine aktive Ger\u00e4uschunterdr\u00fcckung (ANC)<br \/>\n&#8211; Optimierte Bluetooth-\u00dcbertragung &#8211; Unsere Soft Earbuds sind mit Bluetooth 5.2 Konnektivit\u00e4t gekoppelt, was bedeutet, dass sie eine nahtlose Leistung liefern, einfach zu verbinden sind und sehr stabil mit IOS- und Android-Ger\u00e4ten sind<br \/>\n&#8211; Wasserbest\u00e4ndigkeit? Kein Schwei\u00df \u2013 Leichter Regen oder ein anspruchsvolles Training k\u00f6nnen Ihre Verbindung nicht beeintr\u00e4chtigen. Unsere kabellosen Ohrh\u00f6rer sind auf Wasser- und Schwei\u00dfbest\u00e4ndigkeit nach IPX6 getestet und helfen Ihnen, Ihre t\u00e4glichen Aktivit\u00e4ten sorgenfrei zu bew\u00e4ltigen.<br \/>\n&#8211; Ganzt\u00e4giges H\u00f6ren &#8211; Diese kleinen Schlafbuds unterhalten Sie bis zu 24 Stunden lang. Mit einer Akkulaufzeit von 4 Stunden im Ger\u00e4t, plus bis zu 20 Stunden mit dem Ladeetui. Nehmen Sie diese kompakten Kopfh\u00f6rer mit auf Reisen, beim Sport, beim Training, beim Yoga und im t\u00e4glichen Gebrauch im B\u00fcro.<\/p>\n","protected":false},"excerpt":{"rendered":"<p>Werbung<br \/>\nKleinste Unsichtbare Schlaf-Ohrh\u00f6rer Komfortable Ger\u00e4usch Blockierung, Kopfh\u00f6rer Kabellos Bluetooth zum Schlafen, Earbuds f\u00fcr Seitenschl\u00e4fer, Winzige Versteckte Schlafkopfh\u00f6rer f\u00fcr Arbeiten Sport<\/p>\n","protected":false},"featured_media":1078,"comment_status":"open","ping_status":"closed","template":"","meta":[],"product_cat":[15],"product_tag":[],"class_list":{"0":"post-1079","1":"product","2":"type-product","3":"status-publish","4":"has-post-thumbnail","6":"product_cat-sin-categorizar","7":"nodate","8":"item-wrap","10":"first","11":"instock","12":"shipping-taxable","13":"product-type-external"},"_links":{"self":[{"href":"https:\/\/lofimusic.com.es\/index.php\/wp-json\/wp\/v2\/product\/1079","targetHints":{"allow":["GET"]}}],"collection":[{"href":"https:\/\/lofimusic.com.es\/index.php\/wp-json\/wp\/v2\/product"}],"about":[{"href":"https:\/\/lofimusic.com.es\/index.php\/wp-json\/wp\/v2\/types\/product"}],"replies":[{"embeddable":true,"href":"https:\/\/lofimusic.com.es\/index.php\/wp-json\/wp\/v2\/comments?post=1079"}],"wp:featuredmedia":[{"embeddable":true,"href":"https:\/\/lofimusic.com.es\/index.php\/wp-json\/wp\/v2\/media\/1078"}],"wp:attachment":[{"href":"https:\/\/lofimusic.com.es\/index.php\/wp-json\/wp\/v2\/media?parent=1079"}],"wp:term":[{"taxonomy":"product_cat","embeddable":true,"href":"https:\/\/lofimusic.com.es\/index.php\/wp-json\/wp\/v2\/product_cat?post=1079"},{"taxonomy":"product_tag","embeddable":true,"href":"https:\/\/lofimusic.com.es\/index.php\/wp-json\/wp\/v2\/product_tag?post=1079"}],"curies":[{"name":"wp","href":"https:\/\/api.w.org\/{rel}","templated":true}]}}