{"id":1069,"date":"2024-09-14T04:54:04","date_gmt":"2024-09-14T04:54:04","guid":{"rendered":"https:\/\/lofimusic.com.es\/index.php\/producto\/b0dcjp5bhf_de\/"},"modified":"2024-09-14T04:54:04","modified_gmt":"2024-09-14T04:54:04","slug":"b0dcjp5bhf_de","status":"publish","type":"product","link":"https:\/\/lofimusic.com.es\/index.php\/producto\/b0dcjp5bhf_de\/","title":{"rendered":"B0DCJP5BHF_DE"},"content":{"rendered":"<p>&#8211; \u3010EMS Fitness ABS Trainer\u3011Unsere Muskelstimulator-Maschine verwendet Aluminiumblech-Stimulatoren, um die Stromleitf\u00e4higkeit zu verbessern. Im Gegensatz zu anderen Gelfolien aktivieren die Aluminiumblech-Stimulatoren die zellul\u00e4re Aktivit\u00e4t ohne negative Auswirkungen auf die Haut. Sie sind au\u00dferdem haltbarer und hautfreundlicher und bieten einen Trainingseffekt, der doppelt so effektiv ist wie gew\u00f6hnliche Gelfolien.<br \/>\n&#8211; \u3010 Muskelleistung zu verbessern und zu erleichtern\u3011EMS ist als eine effektive Methode des High-Tech-Muskeltraining anerkannt.Mit Mikrostrom-Signalen formt unser neuester EMS-Muskeltrainer effektiv den K\u00f6rper und verbrennt Fett. Kein m\u00fchsames Abnehmen mehr um den Bauch herum.<br \/>\n&#8211; \u3010Effiziente Fettverbrennung\u3011Unser elektrischer Stimulator hat 8-Stimulationsbereiche entworfen, die beim Training der Bauchmuskulatur effizienter sind als \u00e4hnliche Produkte auf dem Markt, bietet 10-Modi und 30-erweiterte Intensit\u00e4tsstufen, die eine Anpassung an individuelle Bed\u00fcrfnisse erm\u00f6glichen. Es bietet ein umfassendes Training, das Ihnen hilft, Muskeln in Taille, Armen, H\u00fcfte und Beinen zu trainieren und gleichzeitig Muskeln, Kraft und Flexibilit\u00e4t zu verbessern.<br \/>\n&#8211; \u3010Ergonomisch &amp; Atmungsaktiv\u3011: Gew\u00e4hrleistet eine bequeme Haftung an Ihren Bauchmuskeln. Hochwertige, atmungsaktive und weiche Pads bieten perfekten Sitz und sind schlank und tragbar.<br \/>\n&#8211; \u3010 Kalorienanzeige &amp; Laden \u3011Unser neuentwickelter Bauchstimulator Controller verf\u00fcgt \u00fcber eine Kalorienverbrennungsberechnungsfunktion, mit der Sie Ihren Trainingsaufwand in Echtzeit \u00fcberwachen k\u00f6nnen. Typ-C wiederaufladbar, bietet bequemes Laden mit Powerbanks oder anderen Ger\u00e4ten, eliminiert den \u00c4rger des Batterieaustausches. Der Controller verf\u00fcgt \u00fcber einen LCD-Bildschirm, der Ladestatus, ausgew\u00e4hlte Modi und Intensit\u00e4tsstufen anzeigt.<\/p>\n","protected":false},"excerpt":{"rendered":"<p>Werbung<br \/>\nLOFFU EMS bauchmuskeltrainer,USB Wiederaufladbar Bauchmuskeln Stimulationsger\u00e4t,6 Modi &amp; 9 Intensit\u00e4ten,Arm,Bein,M\u00e4nner &amp; Frauen,Bauch Trainingsger\u00e4t f\u00fcr Zuhause<\/p>\n","protected":false},"featured_media":1068,"comment_status":"open","ping_status":"closed","template":"","meta":[],"product_cat":[15],"product_tag":[],"class_list":{"0":"post-1069","1":"product","2":"type-product","3":"status-publish","4":"has-post-thumbnail","6":"product_cat-sin-categorizar","7":"nodate","8":"item-wrap","10":"first","11":"instock","12":"shipping-taxable","13":"product-type-external"},"_links":{"self":[{"href":"https:\/\/lofimusic.com.es\/index.php\/wp-json\/wp\/v2\/product\/1069","targetHints":{"allow":["GET"]}}],"collection":[{"href":"https:\/\/lofimusic.com.es\/index.php\/wp-json\/wp\/v2\/product"}],"about":[{"href":"https:\/\/lofimusic.com.es\/index.php\/wp-json\/wp\/v2\/types\/product"}],"replies":[{"embeddable":true,"href":"https:\/\/lofimusic.com.es\/index.php\/wp-json\/wp\/v2\/comments?post=1069"}],"wp:featuredmedia":[{"embeddable":true,"href":"https:\/\/lofimusic.com.es\/index.php\/wp-json\/wp\/v2\/media\/1068"}],"wp:attachment":[{"href":"https:\/\/lofimusic.com.es\/index.php\/wp-json\/wp\/v2\/media?parent=1069"}],"wp:term":[{"taxonomy":"product_cat","embeddable":true,"href":"https:\/\/lofimusic.com.es\/index.php\/wp-json\/wp\/v2\/product_cat?post=1069"},{"taxonomy":"product_tag","embeddable":true,"href":"https:\/\/lofimusic.com.es\/index.php\/wp-json\/wp\/v2\/product_tag?post=1069"}],"curies":[{"name":"wp","href":"https:\/\/api.w.org\/{rel}","templated":true}]}}