{"id":1065,"date":"2024-09-14T04:49:03","date_gmt":"2024-09-14T04:49:03","guid":{"rendered":"https:\/\/lofimusic.com.es\/index.php\/producto\/b0d7ll6d8m_de\/"},"modified":"2024-09-14T04:49:03","modified_gmt":"2024-09-14T04:49:03","slug":"b0d7ll6d8m_de","status":"publish","type":"product","link":"https:\/\/lofimusic.com.es\/index.php\/producto\/b0d7ll6d8m_de\/","title":{"rendered":"B0D7LL6D8M_DE"},"content":{"rendered":"<p>&#8211; \u3010Rechargeable &amp; Endurance\u3011: Unser Anti-Bell-Ger\u00e4t ist mit einem eingebauten leistungsstarken Akku ausgestattet, der das Aufladen \u00fcber USB-Kabel unterst\u00fctzt. 5 Stunden volle Ladung kann kontinuierlich f\u00fcr 30 Tage arbeiten. Hinweis: Der Ausgangsstrom ist nicht mehr als 2A.<br \/>\n&#8211; \u3010Harmlos\u3011: Unser Anti Dog Barking Device verwendet hochfrequente Ultraschalltechnologie, die weder Menschen noch Hunden schaden wird. Aber es kann die Aufmerksamkeit der Hunde leicht ergreifen und die Hunde dazu bringen, nicht mehr st\u00e4ndig und \u00fcberm\u00e4\u00dfig zu bellen.<br \/>\n&#8211; \u3010IPX45 Wasserdicht \u3011: Der Ladeanschluss des Bellkontrollger\u00e4ts ist mit einer Abdeckung ausgestattet, Sie k\u00f6nnen den Hund auch an regnerischen Tagen im Freien gut kontrollieren. Sie k\u00f6nnen es an einen Baum h\u00e4ngen oder es \u00fcberall im Haus oder im Garten aufstellen.<br \/>\n&#8211; \u3010Ultraschalltechnologie\u3011Der Hund wird aufh\u00f6ren zu bellen, wenn er durch den Ton stimuliert wird. Der Hund wird aufh\u00f6ren zu bellen, weil der Ultraschallton dem Hund Unbehagen bereitet. Sie k\u00f6nnen es auf \u00abAus\u00bb stellen, um die Batterie zu sch\u00fctzen, wenn Sie weg sind.Das Hundetrainingsger\u00e4t ist effektiv f\u00fcr 6 Monate bis 8 Jahre von Hunden zwischen Gr\u00f6\u00dfen (5-80 lbs). Es ist am besten, um Ihren Hund f\u00fcr 2 Wochen zu trainieren.<br \/>\n&#8211; \u3010Ultraschalltechnologie\u3011Der Hund wird aufh\u00f6ren zu bellen, wenn er durch den Ton stimuliert wird. Der Hund wird aufh\u00f6ren zu bellen, weil der Ultraschallton dem Hund Unbehagen bereitet. Sie k\u00f6nnen es auf \u00abAus\u00bb stellen, um die Batterie zu sch\u00fctzen, wenn Sie weg sind.Das Hundetrainingsger\u00e4t ist effektiv f\u00fcr 6 Monate bis 8 Jahre von Hunden zwischen Gr\u00f6\u00dfen (5-80 lbs). Es ist am besten, um Ihren Hund f\u00fcr 2 Wochen zu trainieren.<\/p>\n","protected":false},"excerpt":{"rendered":"<p>Werbung<br \/>\nHONGXIAN Antibell Ger\u00e4t F\u00fcr Hunde,Ultraschall Anti Bell Ger\u00e4t Hunde,3 Modi Hund Antibell Ger\u00e4t Ultraschall, Wiederaufladbares Anti-Bell-Mittel f\u00fcr Hunde Innen, Anti Bellger\u00e4t Bellenstopper<\/p>\n","protected":false},"featured_media":1064,"comment_status":"open","ping_status":"closed","template":"","meta":[],"product_cat":[15],"product_tag":[],"class_list":{"0":"post-1065","1":"product","2":"type-product","3":"status-publish","4":"has-post-thumbnail","6":"product_cat-sin-categorizar","7":"nodate","8":"item-wrap","10":"first","11":"instock","12":"shipping-taxable","13":"product-type-external"},"_links":{"self":[{"href":"https:\/\/lofimusic.com.es\/index.php\/wp-json\/wp\/v2\/product\/1065","targetHints":{"allow":["GET"]}}],"collection":[{"href":"https:\/\/lofimusic.com.es\/index.php\/wp-json\/wp\/v2\/product"}],"about":[{"href":"https:\/\/lofimusic.com.es\/index.php\/wp-json\/wp\/v2\/types\/product"}],"replies":[{"embeddable":true,"href":"https:\/\/lofimusic.com.es\/index.php\/wp-json\/wp\/v2\/comments?post=1065"}],"wp:featuredmedia":[{"embeddable":true,"href":"https:\/\/lofimusic.com.es\/index.php\/wp-json\/wp\/v2\/media\/1064"}],"wp:attachment":[{"href":"https:\/\/lofimusic.com.es\/index.php\/wp-json\/wp\/v2\/media?parent=1065"}],"wp:term":[{"taxonomy":"product_cat","embeddable":true,"href":"https:\/\/lofimusic.com.es\/index.php\/wp-json\/wp\/v2\/product_cat?post=1065"},{"taxonomy":"product_tag","embeddable":true,"href":"https:\/\/lofimusic.com.es\/index.php\/wp-json\/wp\/v2\/product_tag?post=1065"}],"curies":[{"name":"wp","href":"https:\/\/api.w.org\/{rel}","templated":true}]}}