{"id":1059,"date":"2024-09-14T04:44:04","date_gmt":"2024-09-14T04:44:04","guid":{"rendered":"https:\/\/lofimusic.com.es\/index.php\/producto\/b0d62n9k97_de\/"},"modified":"2024-09-14T04:44:04","modified_gmt":"2024-09-14T04:44:04","slug":"b0d62n9k97_de","status":"publish","type":"product","link":"https:\/\/lofimusic.com.es\/index.php\/producto\/b0d62n9k97_de\/","title":{"rendered":"B0D62N9K97_DE"},"content":{"rendered":"<p>&#8211; \u2705Solar Maulwurfschreck Chemikalienfrei: Die Ultraschallimpulse dringen in den Boden ein, um Schallwellen und Vibrationen zu erzeugen, um vergrabende Sch\u00e4dlinge wie Gophers, Schlangen, M\u00e4use, Maulw\u00fcrfe, Skorpione und andere Sch\u00e4dlinge zu vertreiben, ohne sch\u00e4dliche Chemikalien und Gifte zu verwenden, die Ihrem Boden, Ihren Haustieren und Ihrer Familie schaden k\u00f6nnen.<br \/>\n&#8211; \u2654 Solar: Ausgestattet mit Sonnenkollektoren und wiederaufladbaren Batterien kann es Sonnenlicht absorbieren, l\u00e4nger arbeiten, muss nicht die Batterie ersetzen, spart Energie und spart Strom.<br \/>\n&#8211; \ud83d\udd0aVARIABLE ULTRASCHALLFREQUENZEN: Die Maulwurfvertreiber von senden Ultraschallfrequenzen aus, die nicht nur Maulw\u00fcrfe, sondern auch Schlangen, Ameisen und andere Sch\u00e4dlinge st\u00f6ren und vertreiben.<br \/>\n&#8211; \ud83d\udca6 Einfach zu installieren und ausgezeichnete wasserdichte Leistung: Dieses Produkt ist einfach zu installieren und erfordert keine Verkabelung. Es hat die Eigenschaften regendicht und wasserdicht und kann auch an regnerischen Tagen kontinuierlich arbeiten. Aber es kann nicht lange in Wasser eingeweicht werden.<br \/>\n&#8211; \u2654 Breites Anwendungsspektrum: Auf Ihren Garten, Bauernhof, Reisfeld auftragen; es kann Maulw\u00fcrfe, Gophers, W\u00fchlm\u00e4use, Schuppen und andere zerst\u00f6rerische Nagetiere abwehren.\u2600EFFIZIENTE MAULWURFBEK\u00c4MPFUNG OHNE CHEMIE: Die solarbetriebene Sch\u00e4dlingsabwehr von bek\u00e4mpft effektiv Maulw\u00fcrfe, W\u00fchlm\u00e4use und andere Nagetiere mit Ultraschallwellen und Vibrationen.<\/p>\n","protected":false},"excerpt":{"rendered":"<p>Werbung<br \/>\nWUGEIN Solar Maulwurfschreck, Maulwurf Vertreiber, Solar Tiervertreiber W\u00fchlmausschreck, Ultraschall Tierabwehrger\u00e4t f\u00fcr Maulwurf Gopher Schlangen W\u00fchlmaus und andere Sch\u00e4dlinge(4 Pack)<\/p>\n","protected":false},"featured_media":1058,"comment_status":"open","ping_status":"closed","template":"","meta":[],"product_cat":[15],"product_tag":[],"class_list":{"0":"post-1059","1":"product","2":"type-product","3":"status-publish","4":"has-post-thumbnail","6":"product_cat-sin-categorizar","7":"nodate","8":"item-wrap","10":"first","11":"instock","12":"shipping-taxable","13":"product-type-external"},"_links":{"self":[{"href":"https:\/\/lofimusic.com.es\/index.php\/wp-json\/wp\/v2\/product\/1059","targetHints":{"allow":["GET"]}}],"collection":[{"href":"https:\/\/lofimusic.com.es\/index.php\/wp-json\/wp\/v2\/product"}],"about":[{"href":"https:\/\/lofimusic.com.es\/index.php\/wp-json\/wp\/v2\/types\/product"}],"replies":[{"embeddable":true,"href":"https:\/\/lofimusic.com.es\/index.php\/wp-json\/wp\/v2\/comments?post=1059"}],"wp:featuredmedia":[{"embeddable":true,"href":"https:\/\/lofimusic.com.es\/index.php\/wp-json\/wp\/v2\/media\/1058"}],"wp:attachment":[{"href":"https:\/\/lofimusic.com.es\/index.php\/wp-json\/wp\/v2\/media?parent=1059"}],"wp:term":[{"taxonomy":"product_cat","embeddable":true,"href":"https:\/\/lofimusic.com.es\/index.php\/wp-json\/wp\/v2\/product_cat?post=1059"},{"taxonomy":"product_tag","embeddable":true,"href":"https:\/\/lofimusic.com.es\/index.php\/wp-json\/wp\/v2\/product_tag?post=1059"}],"curies":[{"name":"wp","href":"https:\/\/api.w.org\/{rel}","templated":true}]}}