{"id":10588,"date":"2025-01-31T19:42:09","date_gmt":"2025-01-31T19:42:09","guid":{"rendered":"https:\/\/lofimusic.com.es\/index.php\/producto\/b0dp595lnn_es\/"},"modified":"2025-01-31T19:42:09","modified_gmt":"2025-01-31T19:42:09","slug":"b0dp595lnn_es","status":"publish","type":"product","link":"https:\/\/lofimusic.com.es\/index.php\/producto\/b0dp595lnn_es\/","title":{"rendered":"B0DP595LNN_ES"},"content":{"rendered":"<p>&#8211; 4 Cuarabinadores negros en el set. El carabinero consiste en una aleaci\u00f3n de aluminio de aviaci\u00f3n duradera, duradera y ligera<br \/>\n&#8211; Superficie pulida suave y brillante sin bordes afilados, robusto y pr\u00e1ctico, no tiene que preocuparse de que se oxide.<br \/>\n&#8211; Perfecto para caminar al aire libre, pescar, acampar, viajar y como llavero. Kleines y dise\u00f1o port\u00e1til para satisfacer todas sus necesidades al aire libre y en el hogar.<br \/>\n&#8211; Adecuado para diferentes aplicaciones, como hamacas colgantes, adjuntar ventiladores clave y para deportes al aire libre. El dise\u00f1o elegante protege sus pertenencias y garantiza que pueda llevar la carga mejor.<br \/>\n&#8211; \u00daselo para almacenar botellas deportivas, mochilas, cuerdas de carpa, palos de trekking, peque\u00f1os utensilios de viaje y m\u00e1s.<\/p>\n","protected":false},"excerpt":{"rendered":"<p>Publicidad EUZUXU 4 Piezas Mosquet\u00f3n, Mosquet\u00f3n con Cierre de Rosca, Hebilla Colgante Multiusos, Llavero Mosquet\u00f3n de Aluminio, para Camping, Cuerda, Botella de Agua (Negra)<\/p>\n","protected":false},"featured_media":10587,"comment_status":"open","ping_status":"closed","template":"","meta":[],"product_cat":[15],"product_tag":[],"class_list":{"0":"post-10588","1":"product","2":"type-product","3":"status-publish","4":"has-post-thumbnail","6":"product_cat-sin-categorizar","7":"nodate","8":"item-wrap","10":"first","11":"instock","12":"shipping-taxable","13":"product-type-external"},"_links":{"self":[{"href":"https:\/\/lofimusic.com.es\/index.php\/wp-json\/wp\/v2\/product\/10588","targetHints":{"allow":["GET"]}}],"collection":[{"href":"https:\/\/lofimusic.com.es\/index.php\/wp-json\/wp\/v2\/product"}],"about":[{"href":"https:\/\/lofimusic.com.es\/index.php\/wp-json\/wp\/v2\/types\/product"}],"replies":[{"embeddable":true,"href":"https:\/\/lofimusic.com.es\/index.php\/wp-json\/wp\/v2\/comments?post=10588"}],"wp:featuredmedia":[{"embeddable":true,"href":"https:\/\/lofimusic.com.es\/index.php\/wp-json\/wp\/v2\/media\/10587"}],"wp:attachment":[{"href":"https:\/\/lofimusic.com.es\/index.php\/wp-json\/wp\/v2\/media?parent=10588"}],"wp:term":[{"taxonomy":"product_cat","embeddable":true,"href":"https:\/\/lofimusic.com.es\/index.php\/wp-json\/wp\/v2\/product_cat?post=10588"},{"taxonomy":"product_tag","embeddable":true,"href":"https:\/\/lofimusic.com.es\/index.php\/wp-json\/wp\/v2\/product_tag?post=10588"}],"curies":[{"name":"wp","href":"https:\/\/api.w.org\/{rel}","templated":true}]}}