{"id":1055,"date":"2024-09-14T04:39:04","date_gmt":"2024-09-14T04:39:04","guid":{"rendered":"https:\/\/lofimusic.com.es\/index.php\/producto\/b0dg53qcr3_de\/"},"modified":"2024-09-14T04:39:04","modified_gmt":"2024-09-14T04:39:04","slug":"b0dg53qcr3_de","status":"publish","type":"product","link":"https:\/\/lofimusic.com.es\/index.php\/producto\/b0dg53qcr3_de\/","title":{"rendered":"B0DG53QCR3_DE"},"content":{"rendered":"<p>&#8211; \u3010Wie es funktioniert:\u3011Durch die Ausstattung mit dem Dual-Chip wirkt das Ultraschall-Sch\u00e4dlingsbek\u00e4mpfungsger\u00e4t kontinuierlich auf das Gehirnsystem der Sch\u00e4dlinge ein; die eingebauten 12 LED-Blitzlichter st\u00f6ren zus\u00e4tzlich ihre Aktivit\u00e4t in einer dunklen Umgebung; Rodent Deterrent macht Ihren Raum effektiv ungem\u00fctlich f\u00fcr Nagetiere und Flederm\u00e4use, indem es Ultraschall, Pulswellen und Blinklichter aussendet; Sie erhalten einen sch\u00e4dlingsfreien Raum innerhalb eines Monats.<br \/>\n&#8211; \u3010Breite 360\u00b0-Abdeckung\u3011Das M\u00e4useabwehrmittel strahlt 360\u00b0 Ultraschall aus, um die Abdeckung zu optimieren. Das Modell ist leistungsstark f\u00fcr einen Raum bis zu 120 m\u00b2, ideal f\u00fcr die folgenden gro\u00dfen Innenr\u00e4ume: H\u00e4user, Lofts, Garagen, Keller, Scheunen, B\u00fcros, Restaurants, Buchhandlungen usw.<br \/>\n&#8211; \u3010Umschalten zwischen mehreren Modi:\u3011Schalten Sie manuell zwischen den Abschreckungsmodi um, um das gew\u00fcnschte Ziel der Sch\u00e4dlingsbek\u00e4mpfung zu erreichen; das M\u00e4useabwehr-Plug-in wurde mit verschiedenen Nagetierabwehrmodi entwickelt, um zu verhindern, dass sich Nagetiere und Viecher an denselben Modus gew\u00f6hnen; w\u00e4hlen Sie den Modus ULTRA, den Modus TRANS oder den Modus DUO, um Eichh\u00f6rnchen, M\u00e4use, Ratten, Flederm\u00e4use und Viecher auf einfache Weise in Schach zu halten.<br \/>\n&#8211; \u3010UMWELTFREUNDLICH UND LANGE LEBENSDAUER\u3011Unser Ultraschall-Mausvertreiber ist ungiftig, geruchlos und strahlt keine Strahlung ab, wodurch es sicher f\u00fcr Ihre Familie ist. Ausgestattet mit intelligenten Sensoren erkennt unser M\u00e4useabwehrmittel Nagetiere und aktiviert sich automatisch. Stellen Sie also sicher, dass Sie den Ultraschall-Mausvertreiber l\u00e4nger als 4 Wochen angeschlossen halten, um sicherzustellen, dass M\u00e4use Tag und Nacht ferngehalten werden.<br \/>\n&#8211; \u3010Einfach zu bedienen\u3011Der Ultraschall-Mausvertreiber ist extrem einfach zu bedienen. Einfach in eine normale Steckdose stecken und sofort seine Magie verwirklichen. Das kompakte und diskrete Design sorgt daf\u00fcr, dass es Ihre t\u00e4glichen Aktivit\u00e4ten nicht st\u00f6rt, was es zur perfekten L\u00f6sung f\u00fcr jeden Raum macht.<\/p>\n","protected":false},"excerpt":{"rendered":"<p>Werbung<br \/>\nHENESE Ultraschall M\u00e4useabwehr, Rattenabwehr, Wirksam Gegen M\u00e4use und Ratten, Strahlungsfrei, f\u00fcr die Kontrolle der Ratten Kakerlaken Insekten Spinne<\/p>\n","protected":false},"featured_media":1054,"comment_status":"open","ping_status":"closed","template":"","meta":[],"product_cat":[15],"product_tag":[],"class_list":{"0":"post-1055","1":"product","2":"type-product","3":"status-publish","4":"has-post-thumbnail","6":"product_cat-sin-categorizar","7":"nodate","8":"item-wrap","10":"first","11":"instock","12":"shipping-taxable","13":"product-type-external"},"_links":{"self":[{"href":"https:\/\/lofimusic.com.es\/index.php\/wp-json\/wp\/v2\/product\/1055","targetHints":{"allow":["GET"]}}],"collection":[{"href":"https:\/\/lofimusic.com.es\/index.php\/wp-json\/wp\/v2\/product"}],"about":[{"href":"https:\/\/lofimusic.com.es\/index.php\/wp-json\/wp\/v2\/types\/product"}],"replies":[{"embeddable":true,"href":"https:\/\/lofimusic.com.es\/index.php\/wp-json\/wp\/v2\/comments?post=1055"}],"wp:featuredmedia":[{"embeddable":true,"href":"https:\/\/lofimusic.com.es\/index.php\/wp-json\/wp\/v2\/media\/1054"}],"wp:attachment":[{"href":"https:\/\/lofimusic.com.es\/index.php\/wp-json\/wp\/v2\/media?parent=1055"}],"wp:term":[{"taxonomy":"product_cat","embeddable":true,"href":"https:\/\/lofimusic.com.es\/index.php\/wp-json\/wp\/v2\/product_cat?post=1055"},{"taxonomy":"product_tag","embeddable":true,"href":"https:\/\/lofimusic.com.es\/index.php\/wp-json\/wp\/v2\/product_tag?post=1055"}],"curies":[{"name":"wp","href":"https:\/\/api.w.org\/{rel}","templated":true}]}}