{"id":1051,"date":"2024-09-14T04:34:03","date_gmt":"2024-09-14T04:34:03","guid":{"rendered":"https:\/\/lofimusic.com.es\/index.php\/producto\/b0ddxfm4wt_de\/"},"modified":"2024-09-14T04:34:03","modified_gmt":"2024-09-14T04:34:03","slug":"b0ddxfm4wt_de","status":"publish","type":"product","link":"https:\/\/lofimusic.com.es\/index.php\/producto\/b0ddxfm4wt_de\/","title":{"rendered":"B0DDXFM4WT_DE"},"content":{"rendered":"<p>&#8211; \ud835\udc14\ud835\udc25\ud835\udc2d\ud835\udc2b\ud835\udc1a \ud835\udc07\ud835\udc22\ud835\udc20\ud835\udc21 \ud835\udc12\ud835\udc29\ud835\udc1e\ud835\udc1e\ud835\udc1d \ud835\udc16\ud835\udc0b\ud835\udc00\ud835\udc0d \ud835\udc11\ud835\udc1e\ud835\udc29\ud835\udc1e\ud835\udc1a\ud835\udc2d\ud835\udc1e\ud835\udc2b: Der WLAN-Verst\u00e4rker ist mit einem 2.4-GH-Ultra-Core-Prozessor und 4 Hochleistungsantennen mit einer Geschwindigkeit von bis zu 300 Mbit\/s ausgestattet. Bietet eine extrem stabile Bandbreite f\u00fcr Online-Spiele, Video-Chats und sogar das Streamen von 4K-HD-Videos. Genie\u00dfen Sie und Ihre Familie Videos und Spiele zu Hause.<br \/>\n&#8211; \ud835\udc01\ud835\udc2b\ud835\udc1e\ud835\udc22\ud835\udc2d\ud835\udc1e \ud835\udc00\ud835\udc1b\ud835\udc1d\ud835\udc1e\ud835\udc1c\ud835\udc24\ud835\udc2e\ud835\udc27\ud835\udc20: Verabschieden Sie sich von toten Winkeln im WLAN, erweitern Sie Ihre WLAN-Reichweite und verbinden Sie bis zu 35 Ger\u00e4te. Wie Mobiltelefone, Tablets, Laptops, Smart-TVs, Sicherheitskameras, Alexa usw. Es erm\u00f6glicht Ihnen den Empfang stabiler WLAN-Signale in der Garage, auf dem Balkon, im Schlafzimmer und im Garten.<br \/>\n&#8211; \ud835\udc04\ud835\udc22\ud835\udc27\ud835\udc1f\ud835\udc1a\ud835\udc1c\ud835\udc21\ud835\udc1e \ud835\udc04\ud835\udc22\ud835\udc27\ud835\udc2b\ud835\udc22\ud835\udc1c\ud835\udc21\ud835\udc2d\ud835\udc2e\ud835\udc27\ud835\udc20: Schlie\u00dfen Sie den WLAN Repeater einfach an eine beliebige Steckdose an und dr\u00fccken Sie die WPS-Taste an Ihrem Router, um innerhalb von 60 Sekunden eine schnelle Verbindung herzustellen. Sie k\u00f6nnen ihn auch \u00fcber das Netzwerk (192.168.16.1) auf Ihrem Smartphone\/Tablet einrichten PC. Sie k\u00f6nnen die WLAN-Abdeckung ganz einfach und ohne komplizierte Schritte und Tricks erweitern.<br \/>\n&#8211; \ud835\udc01\ud835\udc2b\ud835\udc1e\ud835\udc22\ud835\udc2d\ud835\udc1e \ud835\udc0a\ud835\udc28\ud835\udc26\ud835\udc29\ud835\udc1a\ud835\udc2d\ud835\udc22\ud835\udc1b\ud835\udc22\ud835\udc25\ud835\udc22\ud835\udc2d\u00e4\ud835\udc2d: Dieser WLAN Verst\u00e4rker ist mit den meisten Routern und Ger\u00e4ten auf dem Markt kompatibel. Erweitern Sie die WLAN-Abdeckung f\u00fcr Ihre Smartphones, Smart-TVs, Fire Sticks, Google Chromecast, Webbrowser, Alexa Echo, Ring und mehr. Unterbrechungsfreie, blitzschnelle Datenfunktionen f\u00fcr Ihre Heimger\u00e4te.<br \/>\n&#8211; \ud835\udc12\ud835\udc22\ud835\udc1c\ud835\udc21\ud835\udc1e\ud835\udc2b\ud835\udc1e \ud835\udc08\ud835\udc27\ud835\udc2d\ud835\udc1e\ud835\udc2b\ud835\udc27\ud835\udc1e\ud835\udc2d\ud835\udc2e\ud835\udc26\ud835\udc20\ud835\udc1e\ud835\udc1b\ud835\udc2e\ud835\udc27\ud835\udc20: Dieser WLAN Extender verwendet das neueste fortschrittliche Sicherheitsprotokoll WPA\/WPA2, WPA-PSK\/WPA2-PSK und kann die Netzwerksicherheit maximieren und Ihr Netzwerksicherheitsproblem gew\u00e4hrleisten. Es spielt eine wirksame Rolle dabei, zu verhindern, dass andere Ihr Netzwerk stehlen, Ihre wichtigen Daten zu sch\u00fctzen und Wi-Fi-Interferenzen und Datenschutzprobleme zu vermeiden. Ideal f\u00fcr Zuhause, Unternehmen und Reisen im Einsatz.<\/p>\n","protected":false},"excerpt":{"rendered":"<p>Werbung<br \/>\nWLAN Repeater, 300 Mbit\/s WLAN Verst\u00e4rker 2.4 GHz WLAN-Extender-Booster, WLAN Verst\u00e4rker mit Ethernet-Anschluss, Abdeckung bis zu 200 m\u00b2, 1-Tap-Einrichtung, funktioniert mit Allen WLAN-Routern<\/p>\n","protected":false},"featured_media":1050,"comment_status":"open","ping_status":"closed","template":"","meta":[],"product_cat":[15],"product_tag":[],"class_list":{"0":"post-1051","1":"product","2":"type-product","3":"status-publish","4":"has-post-thumbnail","6":"product_cat-sin-categorizar","7":"nodate","8":"item-wrap","10":"first","11":"instock","12":"shipping-taxable","13":"product-type-external"},"_links":{"self":[{"href":"https:\/\/lofimusic.com.es\/index.php\/wp-json\/wp\/v2\/product\/1051","targetHints":{"allow":["GET"]}}],"collection":[{"href":"https:\/\/lofimusic.com.es\/index.php\/wp-json\/wp\/v2\/product"}],"about":[{"href":"https:\/\/lofimusic.com.es\/index.php\/wp-json\/wp\/v2\/types\/product"}],"replies":[{"embeddable":true,"href":"https:\/\/lofimusic.com.es\/index.php\/wp-json\/wp\/v2\/comments?post=1051"}],"wp:featuredmedia":[{"embeddable":true,"href":"https:\/\/lofimusic.com.es\/index.php\/wp-json\/wp\/v2\/media\/1050"}],"wp:attachment":[{"href":"https:\/\/lofimusic.com.es\/index.php\/wp-json\/wp\/v2\/media?parent=1051"}],"wp:term":[{"taxonomy":"product_cat","embeddable":true,"href":"https:\/\/lofimusic.com.es\/index.php\/wp-json\/wp\/v2\/product_cat?post=1051"},{"taxonomy":"product_tag","embeddable":true,"href":"https:\/\/lofimusic.com.es\/index.php\/wp-json\/wp\/v2\/product_tag?post=1051"}],"curies":[{"name":"wp","href":"https:\/\/api.w.org\/{rel}","templated":true}]}}