{"id":1047,"date":"2024-09-14T04:29:03","date_gmt":"2024-09-14T04:29:03","guid":{"rendered":"https:\/\/lofimusic.com.es\/index.php\/producto\/b0cwn7hhrb_de\/"},"modified":"2024-09-14T04:29:03","modified_gmt":"2024-09-14T04:29:03","slug":"b0cwn7hhrb_de","status":"publish","type":"product","link":"https:\/\/lofimusic.com.es\/index.php\/producto\/b0cwn7hhrb_de\/","title":{"rendered":"B0CWN7HHRB_DE"},"content":{"rendered":"<p>&#8211; Mit 1080P HD-Aufl\u00f6sung und einer motorisch verstellbaren 135\u00b0-Kamera bietet die Drohne ein Weitwinkel-Sichtfeld, mit dem Sie farbenfrohe Sehensw\u00fcrdigkeiten aus der Luft erleben k\u00f6nnen. Im Gegensatz zu anderen Drohnen kann der Kamerawinkel des TT12 \u00fcber die Fernbedienung eingestellt werden, damit Sie neue Perspektiven in der Luft entdecken k\u00f6nnen. Sie unterst\u00fctzt Echtzeit-FPV-\u00dcbertragung, um die Stabilit\u00e4t der Bild\u00fcbertragung zu gew\u00e4hrleisten.<br \/>\n&#8211; Noch mehr Flugspa\u00df: Schalten Sie bei der Party den 360\u00b0-Flip-Stunt ein. Das Publikum wird verbl\u00fcfft sein! Mit dem Schwerkraftsensor folgt die Drohne intelligent Ihrem Mobilger\u00e4t f\u00fcr ein beeindruckendes Erlebnis.MV-Modus erm\u00f6glicht die Online-Bearbeitung mit verschiedenen Filtern und Musik. Drei Geschwindigkeitseinstellungen f\u00fcr ein unterschiedliches Flugerlebnis &#8211; verwenden Sie den h\u00f6chsten Gang, um sich mit Ihrer Familie zu messen!<br \/>\n&#8211; Modulare Batterie + l\u00e4ngeres Flugerlebnis: Modulare Batterien sind einfacher und schneller zu laden und zu entladen als herk\u00f6mmliche Batterien und sind sicherer. Ausgestattet mit 2 Batterien, bietet es Ihnen 20 Minuten Flugerfahrung.<br \/>\n&#8211; Ideal f\u00fcr Einsteiger: Der TT12 verf\u00fcgt \u00fcber One-Touch-Start und -Landung, H\u00f6henhaltung, Headless-Modus und eine benutzerfreundliche Oberfl\u00e4che, so dass Kinder und Erwachsene die Drohne problemlos fliegen k\u00f6nnen.<br \/>\n&#8211; BEST GIFT: Spielzeug-Flugzeug-Geschenke Diese Drohne hat ein klassisches faltbares Design mit einem schlanken, sch\u00f6nen und praktischen K\u00f6rper. Zusammen mit der hochwertigen Tragetasche l\u00e4sst sie sich leicht transportieren und ist die perfekte Verpackung f\u00fcr Geschenke. Ein solches Drohnenspielzeug zur Weihnachtszeit zu erhalten, ist zweifellos die gr\u00f6\u00dfte \u00dcberraschung.<\/p>\n","protected":false},"excerpt":{"rendered":"<p>Werbung<br \/>\nTTROARDS 12 Drohne mit 2 Kamera, Drohne f\u00fcr Kinder 1080P Kamera, Drone mit Kamera Elektrisch Verstellbarer RC Drones WiFi FPV \u00dcbertragung Quadcopter f\u00fcr Erwachsene und Kinder Dual Kameras<\/p>\n","protected":false},"featured_media":1046,"comment_status":"open","ping_status":"closed","template":"","meta":[],"product_cat":[15],"product_tag":[],"class_list":{"0":"post-1047","1":"product","2":"type-product","3":"status-publish","4":"has-post-thumbnail","6":"product_cat-sin-categorizar","7":"nodate","8":"item-wrap","10":"first","11":"instock","12":"shipping-taxable","13":"product-type-external"},"_links":{"self":[{"href":"https:\/\/lofimusic.com.es\/index.php\/wp-json\/wp\/v2\/product\/1047","targetHints":{"allow":["GET"]}}],"collection":[{"href":"https:\/\/lofimusic.com.es\/index.php\/wp-json\/wp\/v2\/product"}],"about":[{"href":"https:\/\/lofimusic.com.es\/index.php\/wp-json\/wp\/v2\/types\/product"}],"replies":[{"embeddable":true,"href":"https:\/\/lofimusic.com.es\/index.php\/wp-json\/wp\/v2\/comments?post=1047"}],"wp:featuredmedia":[{"embeddable":true,"href":"https:\/\/lofimusic.com.es\/index.php\/wp-json\/wp\/v2\/media\/1046"}],"wp:attachment":[{"href":"https:\/\/lofimusic.com.es\/index.php\/wp-json\/wp\/v2\/media?parent=1047"}],"wp:term":[{"taxonomy":"product_cat","embeddable":true,"href":"https:\/\/lofimusic.com.es\/index.php\/wp-json\/wp\/v2\/product_cat?post=1047"},{"taxonomy":"product_tag","embeddable":true,"href":"https:\/\/lofimusic.com.es\/index.php\/wp-json\/wp\/v2\/product_tag?post=1047"}],"curies":[{"name":"wp","href":"https:\/\/api.w.org\/{rel}","templated":true}]}}