{"id":1029,"date":"2024-09-14T04:09:04","date_gmt":"2024-09-14T04:09:04","guid":{"rendered":"https:\/\/lofimusic.com.es\/index.php\/producto\/b0dd3ww241_de\/"},"modified":"2024-09-14T04:09:04","modified_gmt":"2024-09-14T04:09:04","slug":"b0dd3ww241_de","status":"publish","type":"product","link":"https:\/\/lofimusic.com.es\/index.php\/producto\/b0dd3ww241_de\/","title":{"rendered":"B0DD3WW241_DE"},"content":{"rendered":"<p>&#8211; NEU AUFGER\u00dcSTETER \u00d6LSPR\u00dcHER &#8211; Unser \u00f6l Spray aus Edelstahl 304 und Klarglas mit eingebauter Hochdruckd\u00fcse, gewelltem, rutschfestem Muster f\u00fcr einh\u00e4ndige Bedienung, Gewindeauslauf zum Abdichten von \u00d6llecks und transparenter Skala aus Glas mit deutlich sichtbarer Menge, ist unsere \u00d6l Spr\u00fchflasche zum Kochen ein praktisches Gadget f\u00fcr Haus und K\u00fcche.<br \/>\n&#8211; OIL-CONTROL &amp; 100% BPA FREI &#8211; Unsere \u00f6lspr\u00fcher dosieren jeweils 1 g Speise\u00f6l. Die \u00f6lspr\u00fcher f\u00fcr speise\u00f6l ist aus transparentem Glas und mit einer Skala versehen. Wenn Sie sie zum Kochen oder Frittieren verwenden, k\u00f6nnen Sie die \u00d6lmenge sehen, was f\u00fcr die \u00d6lkontrolle sehr praktisch ist.Zudem ist unser \u00d6l Spr\u00fcher frei von gef\u00e4hrlichen Weichmachern.<br \/>\n&#8211; VIELSEITIGER EINSATZ &#8211; Die \u00f6lspr\u00fcher f\u00fcr hei\u00dfluftfritteuse eignet sich perfekt f\u00fcr Ihre Lieblingsgew\u00fcrze wie Saft, Essig, Oliven\u00f6l, Sonnenblumen\u00f6l, Sojaso\u00dfe, Sherry, Marsala-Wein, usw. Sie kann auch zum Verspr\u00fchen von Alkohol und Wasser zum Reinigen von K\u00fcche und M\u00f6beln sowie zum Gie\u00dfen von Pflanzen verwendet werden.<br \/>\n&#8211; TIPPS &#8211; Unsere \u00f6lspray zum kochen ist aus Glas, bitte stellen Sie sie vorsichtig auf. Der verbleibende Raum wird ben\u00f6tigt, um den erzeugten Luftdruck abzulassen, um einen besseren Spr\u00fchnebel zu erzeugen.<br \/>\n&#8211; EINFACH ZU BENUTZEN &amp; REINIGEN &#8211; Die Oliven\u00f6l-Spr\u00fchflasche ist sehr einfach zu benutzen. Mit Hilfe einer B\u00fcrste (im Lieferumfang enthalten) reinigen Sie den \u00d6lspr\u00fcher. Die Temperatur des Wassers sollte nicht mehr als 50\u2103 beim Waschen \u00d6lspender Spray sein und es kann nicht in einer Sp\u00fclmaschine gewaschen werden.<\/p>\n","protected":false},"excerpt":{"rendered":"<p>Werbung<br \/>\n\u00d6lspr\u00fcher f\u00fcr Speise\u00f6l | \u00f6lspray zum kochen, \u00d6l Spr\u00fchflasche f\u00fcr hei\u00dfluftfritteuse 100ML Auslaufsicher, oil sprayer mit Spender &amp; B\u00fcrste, \u00f6l spray f\u00fcr Salat, Grillen, Backen in der K\u00fcche(Zweierpack)<\/p>\n","protected":false},"featured_media":1028,"comment_status":"open","ping_status":"closed","template":"","meta":[],"product_cat":[15],"product_tag":[],"class_list":{"0":"post-1029","1":"product","2":"type-product","3":"status-publish","4":"has-post-thumbnail","6":"product_cat-sin-categorizar","7":"nodate","8":"item-wrap","10":"first","11":"instock","12":"shipping-taxable","13":"product-type-external"},"_links":{"self":[{"href":"https:\/\/lofimusic.com.es\/index.php\/wp-json\/wp\/v2\/product\/1029","targetHints":{"allow":["GET"]}}],"collection":[{"href":"https:\/\/lofimusic.com.es\/index.php\/wp-json\/wp\/v2\/product"}],"about":[{"href":"https:\/\/lofimusic.com.es\/index.php\/wp-json\/wp\/v2\/types\/product"}],"replies":[{"embeddable":true,"href":"https:\/\/lofimusic.com.es\/index.php\/wp-json\/wp\/v2\/comments?post=1029"}],"wp:featuredmedia":[{"embeddable":true,"href":"https:\/\/lofimusic.com.es\/index.php\/wp-json\/wp\/v2\/media\/1028"}],"wp:attachment":[{"href":"https:\/\/lofimusic.com.es\/index.php\/wp-json\/wp\/v2\/media?parent=1029"}],"wp:term":[{"taxonomy":"product_cat","embeddable":true,"href":"https:\/\/lofimusic.com.es\/index.php\/wp-json\/wp\/v2\/product_cat?post=1029"},{"taxonomy":"product_tag","embeddable":true,"href":"https:\/\/lofimusic.com.es\/index.php\/wp-json\/wp\/v2\/product_tag?post=1029"}],"curies":[{"name":"wp","href":"https:\/\/api.w.org\/{rel}","templated":true}]}}