{"id":1025,"date":"2024-09-14T04:04:04","date_gmt":"2024-09-14T04:04:04","guid":{"rendered":"https:\/\/lofimusic.com.es\/index.php\/producto\/b0dd7vj8qn_de\/"},"modified":"2024-09-14T04:04:04","modified_gmt":"2024-09-14T04:04:04","slug":"b0dd7vj8qn_de","status":"publish","type":"product","link":"https:\/\/lofimusic.com.es\/index.php\/producto\/b0dd7vj8qn_de\/","title":{"rendered":"B0DD7VJ8QN_DE"},"content":{"rendered":"<p>&#8211; \u3010EMS-Technologie\u3011 F\u00fcr diese Technik ist es wichtig, dass Sie das aktuelle Signal direkt auf Ihren Muskel \u00fcbertragen, sodass sich die Muskeln im Trainingszustand befinden. Es ist nicht mehr das vom Gehirn \u00fcbertragene Signal. Erh\u00f6ht die Durchblutung und den Blutkreislauf, was f\u00fcr die Gewichtsabnahme von Vorteil ist, insbesondere wenn es zu einer gesunden Ern\u00e4hrung und Routine hinzugef\u00fcgt wird.<br \/>\n&#8211; \u3010USB-Ladevorgang Li Integrierter Li-Ion-Akku und USB-Kabel im Lieferumfang enthalten\u3011 Die Trainingsintensit\u00e4t der Maschine steigt um 50% gegen\u00fcber den batteriebetriebenen Produkten. F\u00fcr bessere Ergebnisse, 20 Minuten pro Sitzung, 1-2 Mal pro Tag f\u00fcr mehr als 6 Wochen. Dieser Muskeltoner kann dabei helfen, Ihre K\u00f6rpermuskeln an Bauch, Armen, Beinen usw. zu straffen, straffen und st\u00e4rken.<br \/>\n&#8211; \u3010Anwendungen\u3011 W\u00e4hlen Sie die Modi und die geeignete St\u00e4rke, passen Sie die Pads an Ihren K\u00f6rper an und lassen Sie Ihre Muskeln trainieren. Ideal f\u00fcr Arme, Brust, Ober- und Unterleib, R\u00fccken, Beine, Ges\u00e4\u00df, Ges\u00e4\u00df, Oberschenkel, Waden und Taille.<br \/>\n&#8211; \u3010Einfach zu bedienen\u3011 Es ist extrem leicht, ultrad\u00fcnn, TRAGBAR und bequem zu tragen. Ergonomie f\u00fcr Bauchmuskeltraining. Befestigen Sie das Fitnessger\u00e4t an der Position, an der Sie Ihren Muskel st\u00e4rken m\u00f6chten. Zum Einschalten dr\u00fccken Sie die \u00ab+\u00bb &#8211; Taste 3 Sekunden lang. Zum Ausschalten dr\u00fccken Sie die \u00ab-\u00bb &#8211; Taste 3 Sekunden lang. Fitness \u00fcberall und wann immer Sie m\u00f6chten.<br \/>\n&#8211; \u3010100% Geld-zur\u00fcck-Garantie\u3011 Wir hoffen, dass Sie mit Ihrer Produkterfahrung zufrieden sind. Wenn dieses Produkt nicht f\u00fcr Sie geeignet ist, erhalten Sie innerhalb von 30 Tagen eine 3-monatige Garantie und kein Risiko.<\/p>\n","protected":false},"excerpt":{"rendered":"<p>Werbung<br \/>\nEMS Trainingsger\u00e4t Electroestimulador Muscular Abdominales USB Wiederaufladbar Muskelstimulator bauchtrainermit 8 Modi &amp; 19 abdominals<\/p>\n","protected":false},"featured_media":1024,"comment_status":"open","ping_status":"closed","template":"","meta":[],"product_cat":[15],"product_tag":[],"class_list":{"0":"post-1025","1":"product","2":"type-product","3":"status-publish","4":"has-post-thumbnail","6":"product_cat-sin-categorizar","7":"nodate","8":"item-wrap","10":"first","11":"instock","12":"shipping-taxable","13":"product-type-external"},"_links":{"self":[{"href":"https:\/\/lofimusic.com.es\/index.php\/wp-json\/wp\/v2\/product\/1025","targetHints":{"allow":["GET"]}}],"collection":[{"href":"https:\/\/lofimusic.com.es\/index.php\/wp-json\/wp\/v2\/product"}],"about":[{"href":"https:\/\/lofimusic.com.es\/index.php\/wp-json\/wp\/v2\/types\/product"}],"replies":[{"embeddable":true,"href":"https:\/\/lofimusic.com.es\/index.php\/wp-json\/wp\/v2\/comments?post=1025"}],"wp:featuredmedia":[{"embeddable":true,"href":"https:\/\/lofimusic.com.es\/index.php\/wp-json\/wp\/v2\/media\/1024"}],"wp:attachment":[{"href":"https:\/\/lofimusic.com.es\/index.php\/wp-json\/wp\/v2\/media?parent=1025"}],"wp:term":[{"taxonomy":"product_cat","embeddable":true,"href":"https:\/\/lofimusic.com.es\/index.php\/wp-json\/wp\/v2\/product_cat?post=1025"},{"taxonomy":"product_tag","embeddable":true,"href":"https:\/\/lofimusic.com.es\/index.php\/wp-json\/wp\/v2\/product_tag?post=1025"}],"curies":[{"name":"wp","href":"https:\/\/api.w.org\/{rel}","templated":true}]}}