{"id":1015,"date":"2024-09-14T03:54:03","date_gmt":"2024-09-14T03:54:03","guid":{"rendered":"https:\/\/lofimusic.com.es\/index.php\/producto\/b0ddtfsyq6_de\/"},"modified":"2024-09-14T03:54:03","modified_gmt":"2024-09-14T03:54:03","slug":"b0ddtfsyq6_de","status":"publish","type":"product","link":"https:\/\/lofimusic.com.es\/index.php\/producto\/b0ddtfsyq6_de\/","title":{"rendered":"B0DDTFSYQ6_DE"},"content":{"rendered":"<p>&#8211; \u3010Hohe Qualit\u00e4t &amp; Effektive Insektenvernichtung\u3011 Die M\u00fcckenabwehr wurde von einem soliden Eisennetz umgeben, die Schale ist aus hochwertigem ABS-Material gefertigt. Verwenden Sie das UV-Licht, um fliegende Insekten anzulocken und fliegende Insekten durch ein Hochdrucknetz zu t\u00f6ten.<br \/>\n&#8211; \u3010 Insektenhacke ohne Chemie \u3011 m\u00fcckenfalle Beseitigt schnell M\u00fccken,Kein Bedarf an schleimigem Gift oder Spray. Das elektronische Flugsteuerungssystem enth\u00e4lt keine Chemikalien, Ger\u00fcche, Ger\u00e4usche, Ablagerungen oder giftigen Substanzen und verwendet nat\u00fcrliche physikalische Methoden, um M\u00fccken oder Fliegen und andere Insekten abzuwehren. Es eignet sich sehr gut f\u00fcr Bereiche, in denen Pestizide nicht verspr\u00fcht werden k\u00f6nnen, wie K\u00fcchen, Krankenh\u00e4user, Lagerhall<br \/>\n&#8211; \u3010Sichere und chemische Insektenfalle \u3011 &#8211; Die Insektenschutzlampe beseitigt M\u00fccken in aller Sicherheit durch die Verwendung der hohen Empfindlichkeit von M\u00fccken auf Licht. Die Anti-M\u00fcckenlampe befreit alle fliegenden Insekten. Es gibt keine Chemikalien in diesem kleinen Insektenblitz. Ungiftig, keine Nebenwirkungen. Erh\u00e4ltlich f\u00fcr Kinder, Schwangere und \u00e4ltere Menschen.<br \/>\n&#8211; \u3010 Risikofreier Kauf und 1 Jahr Garantie\u3011 &#8211; Der Insektenblitz entwirft Sie von l\u00e4stigen Fliegen und beugt Krankheitserregern vor. Denken Sie daran, die anderen Lichter auszuschalten, Fenster und T\u00fcr zu schlie\u00dfen, lassen Sie diesen Insektenblitz die ganze Nacht in Ihrem Raum ! Wenn Sie mit diesem Produkt aus irgendeinem Grund nicht zufrieden sind, werden Sie sofort Geld zur\u00fcckgeben.<br \/>\n&#8211; \u3010Einfach zu bedienen und zu reinigen\u3011 Einfach in die Steckdose einstecken und an einem trockenen Ort platzieren. \u00d6ffnen Sie H\u00fclse, um das Ger\u00e4t vor toten M\u00fccken zu reinigen, stellen Sie sicher, dass das Ger\u00e4t von der Steckdose getrennt ist.<\/p>\n","protected":false},"excerpt":{"rendered":"<p>Werbung<br \/>\nElektrische M\u00fcckenlampe, Insektenlampe, M\u00fcckenlampe, Elektrisches Moskitonetz, Fliegenklatsche, Insektenfalle f\u00fcr den Innenbereich, gegen M\u00fccken, Fliegen (4 St\u00fcck)<\/p>\n","protected":false},"featured_media":1014,"comment_status":"open","ping_status":"closed","template":"","meta":[],"product_cat":[15],"product_tag":[],"class_list":{"0":"post-1015","1":"product","2":"type-product","3":"status-publish","4":"has-post-thumbnail","6":"product_cat-sin-categorizar","7":"nodate","8":"item-wrap","10":"first","11":"instock","12":"shipping-taxable","13":"product-type-external"},"_links":{"self":[{"href":"https:\/\/lofimusic.com.es\/index.php\/wp-json\/wp\/v2\/product\/1015","targetHints":{"allow":["GET"]}}],"collection":[{"href":"https:\/\/lofimusic.com.es\/index.php\/wp-json\/wp\/v2\/product"}],"about":[{"href":"https:\/\/lofimusic.com.es\/index.php\/wp-json\/wp\/v2\/types\/product"}],"replies":[{"embeddable":true,"href":"https:\/\/lofimusic.com.es\/index.php\/wp-json\/wp\/v2\/comments?post=1015"}],"wp:featuredmedia":[{"embeddable":true,"href":"https:\/\/lofimusic.com.es\/index.php\/wp-json\/wp\/v2\/media\/1014"}],"wp:attachment":[{"href":"https:\/\/lofimusic.com.es\/index.php\/wp-json\/wp\/v2\/media?parent=1015"}],"wp:term":[{"taxonomy":"product_cat","embeddable":true,"href":"https:\/\/lofimusic.com.es\/index.php\/wp-json\/wp\/v2\/product_cat?post=1015"},{"taxonomy":"product_tag","embeddable":true,"href":"https:\/\/lofimusic.com.es\/index.php\/wp-json\/wp\/v2\/product_tag?post=1015"}],"curies":[{"name":"wp","href":"https:\/\/api.w.org\/{rel}","templated":true}]}}