{"id":1001,"date":"2024-09-14T03:39:03","date_gmt":"2024-09-14T03:39:03","guid":{"rendered":"https:\/\/lofimusic.com.es\/index.php\/producto\/b0dfh65cjt_de\/"},"modified":"2024-09-14T03:39:03","modified_gmt":"2024-09-14T03:39:03","slug":"b0dfh65cjt_de","status":"publish","type":"product","link":"https:\/\/lofimusic.com.es\/index.php\/producto\/b0dfh65cjt_de\/","title":{"rendered":"B0DFH65CJT_DE"},"content":{"rendered":"<p>&#8211; Gr\u00f6\u00dfere Deckung: Der Ultraschall-Nagetierschutz vertreibt effektiv M\u00e4use, Ratten, Eichh\u00f6rnchen, Flederm\u00e4use und andere Sch\u00e4dlinge mit einer leistungsstarken, fl\u00e4chendeckenden Abschreckung; Das elektronische Mausabwehrmittel Rattenbek\u00e4mpfungsger\u00e4t wirkt in einem Innenbereich von bis zu 1067 sq. ft; Da die Ultraschall- und Impulswellen nicht durch W\u00e4nde und feste Gegenst\u00e4nde dringen k\u00f6nnen; Das Einstecken eines Ultraschall-Mausabwehrmittels in einem geschlossenen Raum ist das, was wir empfehlen.<br \/>\n&#8211; Wie es funktioniert: Durch die Ausstattung mit dem Dual-Chip wirkt das Ultraschall-Sch\u00e4dlingsbek\u00e4mpfungsger\u00e4t kontinuierlich auf das Gehirnsystem der Sch\u00e4dlinge ein; die eingebauten 12 LED-Blitzlichter st\u00f6ren zus\u00e4tzlich ihre Aktivit\u00e4t in einer dunklen Umgebung; Rodent Deterrent macht Ihren Raum effektiv ungem\u00fctlich f\u00fcr Nagetiere und Flederm\u00e4use, indem es Ultraschall, Pulswellen und Blinklichter aussendet; Sie erhalten einen sch\u00e4dlingsfreien Raum innerhalb eines Monats.<br \/>\n&#8211; Umschalten zwischen mehreren Modi: Schalten Sie manuell zwischen den Abschreckungsmodi um, um das gew\u00fcnschte Ziel der Sch\u00e4dlingsbek\u00e4mpfung zu erreichen; das M\u00e4useabwehr-Plug-in wurde mit verschiedenen Nagetierabwehrmodi entwickelt, um zu verhindern, dass sich Nagetiere und Viecher an denselben Modus gew\u00f6hnen; w\u00e4hlen Sie den Modus ULTRA, den Modus TRANS oder den Modus DUO, um Eichh\u00f6rnchen, M\u00e4use, Ratten, Flederm\u00e4use und Viecher auf einfache Weise in Schach zu halten.<br \/>\n&#8211; Leistungsstark &amp; effektiv: Platzieren Sie das M\u00e4useschutzmittel auf dem Dachboden, in der Garage, im Keller, im Zimmer, im Abstellraum, im Kriechkeller, im Wohnmobil oder in jedem anderen Raum mit 100-240 V. Sparen Sie Ihr Geld f\u00fcr die Nagetierbek\u00e4mpfung und verhindern Sie, dass Ihr Eigentum von M\u00e4usen besch\u00e4digt wird, indem Sie Eichh\u00f6rnchen, M\u00e4use, Ratten, Flederm\u00e4use und andere Viecher aus Ihrem Haus fernhalten.<br \/>\n&#8211; Langfristiger Repellent-Prozess: Manchmal k\u00f6nnen sie w\u00e4hrend des Beginns der Verwendung aktiver sein, das zeigt, dass die Nagetiere gereizt werden; Nach einem l\u00e4ngeren Zeitraum f\u00fcr bis zu Monaten, die Nagetiere, Flederm\u00e4use und Viecher beginnen zu verschwinden, wo sie leben in; Bitte stellen Sie sicher, dass die Ultraschall-Sch\u00e4dlingsbek\u00e4mpfung kontinuierlich mit Geduld verwendet werden, um das bessere Ergebnis zu erhalten.<\/p>\n","protected":false},"excerpt":{"rendered":"<p>Werbung<br \/>\nUltraschall M\u00e4useabwehr 360\u00b0, 3 Arbeitsmodi Nagetierm\u00e4use Vertreiben Einstecken mit LED-Licht, 300 m\u00b2 Reichweite M\u00e4usevertreiber Rattenabwehr Innenbereich f\u00fcr Ratten Spinnenmotte Ameise<\/p>\n","protected":false},"featured_media":1000,"comment_status":"open","ping_status":"closed","template":"","meta":[],"product_cat":[15],"product_tag":[],"class_list":{"0":"post-1001","1":"product","2":"type-product","3":"status-publish","4":"has-post-thumbnail","6":"product_cat-sin-categorizar","7":"nodate","8":"item-wrap","10":"first","11":"instock","12":"shipping-taxable","13":"product-type-external"},"_links":{"self":[{"href":"https:\/\/lofimusic.com.es\/index.php\/wp-json\/wp\/v2\/product\/1001","targetHints":{"allow":["GET"]}}],"collection":[{"href":"https:\/\/lofimusic.com.es\/index.php\/wp-json\/wp\/v2\/product"}],"about":[{"href":"https:\/\/lofimusic.com.es\/index.php\/wp-json\/wp\/v2\/types\/product"}],"replies":[{"embeddable":true,"href":"https:\/\/lofimusic.com.es\/index.php\/wp-json\/wp\/v2\/comments?post=1001"}],"wp:featuredmedia":[{"embeddable":true,"href":"https:\/\/lofimusic.com.es\/index.php\/wp-json\/wp\/v2\/media\/1000"}],"wp:attachment":[{"href":"https:\/\/lofimusic.com.es\/index.php\/wp-json\/wp\/v2\/media?parent=1001"}],"wp:term":[{"taxonomy":"product_cat","embeddable":true,"href":"https:\/\/lofimusic.com.es\/index.php\/wp-json\/wp\/v2\/product_cat?post=1001"},{"taxonomy":"product_tag","embeddable":true,"href":"https:\/\/lofimusic.com.es\/index.php\/wp-json\/wp\/v2\/product_tag?post=1001"}],"curies":[{"name":"wp","href":"https:\/\/api.w.org\/{rel}","templated":true}]}}